{"id":48,"date":"2015-10-14T13:14:14","date_gmt":"2015-10-14T13:14:14","guid":{"rendered":"http:\/\/www.delightshots.ch\/barbara-club\/?page_id=48"},"modified":"2026-04-09T07:51:05","modified_gmt":"2026-04-09T07:51:05","slug":"kaeller","status":"publish","type":"page","link":"https:\/\/www.barbara-club.ch\/?page_id=48","title":{"rendered":"K\u00e4ller"},"content":{"rendered":"\n<p>Zmitts in dr Stadt, am Klosterb\u00e4rg 6, isch dr gmietlig K\u00e4ller vom Barbara Club 1902.<\/p>\n\n\n\n<p>D\u00e4\u00e4 K\u00e4ller kaa me au miete. Sygs fir e Ap\u00e9ro, e Nacht\u00e4sse, e privat Feschtli oder e Firmenaaloss, wo me de Gescht n\u00e4\u00e4beby au d Basler Fasnachtskultur zaige wott: Im Barbara-K\u00e4ller sinn Si guet und ginschtig draa.<\/p>\n\n\n\n<p>Dr Barbara-K\u00e4ller isch guet yygrichtet. Zem Byspiil gits e Profi-Kaffimaschine und s Bier kunnt uus eme Zapf-Hahne.<\/p>\n\n\n\n<h4 class=\"wp-block-heading\">Uuskumft iber d K\u00e4llermieti griege si vom Daniel Heiniger, <a href=\"mailto:kaeller@barbara-club.ch\">kaeller@barbara-club.ch<\/a> oder direggt e Reservationsafroog via <em><strong><a href=\"https:\/\/www.barbara-club.ch\/?page_id=2357\">Online Formular.<\/a><\/strong><\/em><\/h4>\n\n\n\n<div class=\"wp-block-file\"><a id=\"wp-block-file--media-de160655-efec-491d-993a-64e8ab91e414\" href=\"https:\/\/www.barbara-club.ch\/wp-content\/uploads\/2025\/01\/Vermietungsvereinbarung_Barbara-Club-1902.pdf\">Vermietungsvereinbarung_Barbara-Club-1902<\/a><a href=\"https:\/\/www.barbara-club.ch\/wp-content\/uploads\/2025\/01\/Vermietungsvereinbarung_Barbara-Club-1902.pdf\" class=\"wp-block-file__button wp-element-button\" download aria-describedby=\"wp-block-file--media-de160655-efec-491d-993a-64e8ab91e414\">Herunterladen<\/a><\/div>\n\n\n\n<p><\/p>\n\n\n\n<h2 class=\"wp-block-heading\">Getr\u00e4nkekarte:<\/h2>\n\n\n\n<div data-wp-interactive=\"core\/file\" class=\"wp-block-file\"><object data-wp-bind--hidden=\"!state.hasPdfPreview\" hidden class=\"wp-block-file__embed\" data=\"https:\/\/www.barbara-club.ch\/wp-content\/uploads\/2025\/01\/Getraenkekarte_Barbara-Club-1902.pdf\" type=\"application\/pdf\" style=\"width:100%;height:810px\" aria-label=\"Einbettung von Getraenkekarte_Barbara-Club-1902.\"><\/object><a id=\"wp-block-file--media-74a12db2-6339-400d-b56c-2fd5f73dd3a0\" href=\"https:\/\/www.barbara-club.ch\/wp-content\/uploads\/2025\/01\/Getraenkekarte_Barbara-Club-1902.pdf\">Getraenkekarte_Barbara-Club-1902<\/a><a href=\"https:\/\/www.barbara-club.ch\/wp-content\/uploads\/2025\/01\/Getraenkekarte_Barbara-Club-1902.pdf\" class=\"wp-block-file__button wp-element-button\" download aria-describedby=\"wp-block-file--media-74a12db2-6339-400d-b56c-2fd5f73dd3a0\">Herunterladen<\/a><\/div>\n\n\n\n<p><\/p>\n\n\n\n<h2 class=\"wp-block-heading\">Bankett-Menu\u0308vorschla\u0308ge:<\/h2>\n\n\n\n<div data-wp-interactive=\"core\/file\" class=\"wp-block-file\"><object data-wp-bind--hidden=\"!state.hasPdfPreview\" hidden class=\"wp-block-file__embed\" data=\"https:\/\/www.barbara-club.ch\/wp-content\/uploads\/2026\/04\/Bankett-Menuevorschlaege.pdf\" type=\"application\/pdf\" style=\"width:100%;height:880px\" aria-label=\"Einbettung von Bankett-Menu\u0308vorschla\u0308ge.\"><\/object><a id=\"wp-block-file--media-6acc6f9f-4362-4255-acf0-d3de8204578d\" href=\"https:\/\/www.barbara-club.ch\/wp-content\/uploads\/2026\/04\/Bankett-Menuevorschlaege.pdf\">Bankett-Menu\u0308vorschla\u0308ge<\/a><a href=\"https:\/\/www.barbara-club.ch\/wp-content\/uploads\/2026\/04\/Bankett-Menuevorschlaege.pdf\" class=\"wp-block-file__button wp-element-button\" download aria-describedby=\"wp-block-file--media-6acc6f9f-4362-4255-acf0-d3de8204578d\">Herunterladen<\/a><\/div>\n\n\n\n<p><\/p>\n\n\n\n<h2 class=\"wp-block-heading\">Bilder Barbara-K\u00e4ller:<\/h2>\n\n\n\n<figure class=\"wp-block-image size-large\"><img loading=\"lazy\" decoding=\"async\" width=\"1024\" height=\"683\" src=\"https:\/\/www.barbara-club.ch\/wp-content\/uploads\/2015\/10\/MG_7922-1024x683.jpg\" alt=\"\" class=\"wp-image-403\" srcset=\"https:\/\/www.barbara-club.ch\/wp-content\/uploads\/2015\/10\/MG_7922-1024x683.jpg 1024w, https:\/\/www.barbara-club.ch\/wp-content\/uploads\/2015\/10\/MG_7922-300x200.jpg 300w\" sizes=\"auto, (max-width: 1024px) 100vw, 1024px\" \/><\/figure>\n\n\n\n<figure class=\"wp-block-image size-large\"><img loading=\"lazy\" decoding=\"async\" width=\"1024\" height=\"683\" src=\"https:\/\/www.barbara-club.ch\/wp-content\/uploads\/2015\/10\/MG_7875-1024x683.jpg\" alt=\"\" class=\"wp-image-402\" srcset=\"https:\/\/www.barbara-club.ch\/wp-content\/uploads\/2015\/10\/MG_7875-1024x683.jpg 1024w, https:\/\/www.barbara-club.ch\/wp-content\/uploads\/2015\/10\/MG_7875-300x200.jpg 300w\" sizes=\"auto, (max-width: 1024px) 100vw, 1024px\" \/><\/figure>\n\n\n\n<p><\/p>\n\n\n\n<figure class=\"wp-block-image size-large\"><img loading=\"lazy\" decoding=\"async\" width=\"1024\" height=\"683\" src=\"https:\/\/www.barbara-club.ch\/wp-content\/uploads\/2015\/10\/MG_7943-1024x683.jpg\" alt=\"\" class=\"wp-image-404\" srcset=\"https:\/\/www.barbara-club.ch\/wp-content\/uploads\/2015\/10\/MG_7943-1024x683.jpg 1024w, https:\/\/www.barbara-club.ch\/wp-content\/uploads\/2015\/10\/MG_7943-300x200.jpg 300w\" sizes=\"auto, (max-width: 1024px) 100vw, 1024px\" \/><\/figure>\n","protected":false},"excerpt":{"rendered":"<p>Zmitts in dr Stadt, am Klosterb\u00e4rg 6, isch dr gmietlig K\u00e4ller vom Barbara Club 1902. D\u00e4\u00e4 K\u00e4ller kaa me au miete. Sygs fir e Ap\u00e9ro, e Nacht\u00e4sse, e privat Feschtli oder e Firmenaaloss, wo me de Gescht n\u00e4\u00e4beby au d Basler Fasnachtskultur zaige wott: Im Barbara-K\u00e4ller sinn Si guet und ginschtig draa. Dr Barbara-K\u00e4ller isch [&hellip;]<\/p>\n","protected":false},"author":1,"featured_media":0,"parent":0,"menu_order":0,"comment_status":"closed","ping_status":"closed","template":"","meta":{"ngg_post_thumbnail":0,"footnotes":""},"class_list":["post-48","page","type-page","status-publish","hentry"],"_links":{"self":[{"href":"https:\/\/www.barbara-club.ch\/index.php?rest_route=\/wp\/v2\/pages\/48","targetHints":{"allow":["GET"]}}],"collection":[{"href":"https:\/\/www.barbara-club.ch\/index.php?rest_route=\/wp\/v2\/pages"}],"about":[{"href":"https:\/\/www.barbara-club.ch\/index.php?rest_route=\/wp\/v2\/types\/page"}],"author":[{"embeddable":true,"href":"https:\/\/www.barbara-club.ch\/index.php?rest_route=\/wp\/v2\/users\/1"}],"replies":[{"embeddable":true,"href":"https:\/\/www.barbara-club.ch\/index.php?rest_route=%2Fwp%2Fv2%2Fcomments&post=48"}],"version-history":[{"count":42,"href":"https:\/\/www.barbara-club.ch\/index.php?rest_route=\/wp\/v2\/pages\/48\/revisions"}],"predecessor-version":[{"id":3091,"href":"https:\/\/www.barbara-club.ch\/index.php?rest_route=\/wp\/v2\/pages\/48\/revisions\/3091"}],"wp:attachment":[{"href":"https:\/\/www.barbara-club.ch\/index.php?rest_route=%2Fwp%2Fv2%2Fmedia&parent=48"}],"curies":[{"name":"wp","href":"https:\/\/api.w.org\/{rel}","templated":true}]}}