{"id":75,"date":"2015-10-14T14:42:59","date_gmt":"2015-10-14T14:42:59","guid":{"rendered":"http:\/\/www.delightshots.ch\/barbara-club\/?page_id=75"},"modified":"2024-03-24T08:32:16","modified_gmt":"2024-03-24T08:32:16","slug":"repertoire","status":"publish","type":"page","link":"https:\/\/www.barbara-club.ch\/?page_id=75","title":{"rendered":"Repertoire"},"content":{"rendered":"\n<figure class=\"wp-block-table\"><table><thead><tr><th>Pfyffer- und Drummelm\u00e4rsch<\/th><th>Drummelm\u00e4rsch<\/th><th>Pfyfferm\u00e4rsch<\/th><\/tr><\/thead><tbody><tr><td>Alte Schweizermaersche<\/td><td>Celanesen<\/td><td>Altfrangg<\/td><\/tr><tr><td>Arabi<\/td><td>Dreier<\/td><td>dr Fischm\u00e4rt<\/td><\/tr><tr><td>Aupres de ma blonde<\/td><td>Faschtewaje<\/td><td>&nbsp;<\/td><\/tr><tr><td>z Basel an mym Rhy<\/td><td>Maetzli<\/td><td>&nbsp;<\/td><\/tr><tr><td>Basler Marsch<\/td><td>Neue Basler Tagwacht<\/td><td>&nbsp;<\/td><\/tr><tr><td>Brite 79<\/td><td>Pumperniggel<\/td><td>&nbsp;<\/td><\/tr><tr><td>dr Duddelsagg<\/td><td>Ueli<\/td><td><\/td><\/tr><tr><td>Festspielmaersche<\/td><td>Winschdi<\/td><td>&nbsp;<\/td><\/tr><tr><td>Glopfgaischt<\/td><td><\/td><td><\/td><\/tr><tr><td>Gluggsi<\/td><td>&nbsp;<\/td><td>&nbsp;<\/td><\/tr><tr><td>Glunggi<\/td><td>&nbsp;<\/td><td>&nbsp;<\/td><\/tr><tr><td>Laeggerli<\/td><td>&nbsp;<\/td><td>&nbsp;<\/td><\/tr><tr><td>Lisettli<\/td><td>&nbsp;<\/td><td>&nbsp;<\/td><\/tr><tr><td>Luuser<\/td><td>&nbsp;<\/td><td>&nbsp;<\/td><\/tr><tr><td>Naarebaschi<\/td><td>&nbsp;<\/td><td>&nbsp;<\/td><\/tr><tr><td>Nunnefierzli<\/td><td>&nbsp;<\/td><td>&nbsp;<\/td><\/tr><tr><td>Ohremyggeli<\/td><td>&nbsp;<\/td><td>&nbsp;<\/td><\/tr><tr><td>Pfeifer-Retraite<\/td><td>&nbsp;<\/td><td>&nbsp;<\/td><\/tr><tr><td>Rossignol<\/td><td>&nbsp;<\/td><td>&nbsp;<\/td><\/tr><tr><td>Route-Synfonie<\/td><td><\/td><td><\/td><\/tr><tr><td>Ryslaifer<\/td><td>&nbsp;<\/td><td>&nbsp;<\/td><\/tr><tr><td>Saggodo<\/td><td>&nbsp;<\/td><td>&nbsp;<\/td><\/tr><tr><td>Sambre et Meuse<\/td><td>&nbsp;<\/td><td>&nbsp;<\/td><\/tr><tr><td>San Carlo<\/td><td>&nbsp;<\/td><td>&nbsp;<\/td><\/tr><tr><td>Unggle Sam<\/td><td>&nbsp;<\/td><td>&nbsp;<\/td><\/tr><tr><td>dr Waggis<\/td><td><\/td><td><\/td><\/tr><tr><td>Whisky<\/td><td>&nbsp;<\/td><td>&nbsp;<\/td><\/tr><tr><td>Yankee<\/td><td>&nbsp;<\/td><td><\/td><\/tr><\/tbody><\/table><\/figure>\n\n\n\n<p><\/p>\n\r\n\t\t<style>\r\n\t\t\t.huge-it-share-buttons {\r\n\t\t\t\tborder:0px solid #0FB5D6;\r\n\t\t\t\tborder-radius:5px;\r\n\t\t\t\tbackground:#3BD8FF;\r\n\t\t\t\t\t\t\t\t\t text-align:center; \t\t\t}\r\n\r\n\t\t\t#huge-it-share-buttons-top {margin-bottom:0px;}\r\n\t\t\t#huge-it-share-buttons-bottom {margin-top:0px;}\r\n\r\n\t\t\t.huge-it-share-buttons h3 {\r\n\t\t\t\tfont-size:25px ;\r\n\t\t\t\tfont-family:Arial,Helvetica Neue,Helvetica,sans-serif;\r\n\t\t\t\tcolor:#666666;\r\n\r\n\t\t\tdisplay:block;\t\t\t\tline-height:25px ;\r\n\r\n\t\t\t\t\t\t\t\t\t text-align:center; \t\t\t}\r\n\r\n\t\t\t.huge-it-share-buttons ul {\r\n\t\t\t\t\t\t\t\t\t margin:0px auto !important;text-align:center; \t\t\t}\r\n\r\n\t\t\t.huge-it-share-buttons ul li {\r\n\t\t\t\tmargin-left:3px;\r\n\t\t\t\tmargin-right:3px;\r\n\t\t\t\tpadding:0px;\r\n\t\t\t\tborder:0px ridge #E6354C;\r\n\t\t\t\tborder-radius:11px;\r\n\t\t\t\tbackground-color:#14CC9B;\r\n\t\t\t}\r\n\r\n\t\t\t.huge-it-share-buttons ul li #backforunical75 {\r\n\t\t\t\tborder-bottom: 0;\r\n\t\t\t\tbackground-image:url('https:\/\/www.barbara-club.ch\/wp-content\/plugins\/wp-share-buttons\/Front_end\/..\/images\/buttons.30.png');\r\n\t\t\t\twidth:30px;\r\n\t\t\t\theight:30px;\r\n\t\t\t}\r\n\r\n\t\t\t.front-shares-count {\r\n\t\t\t\tposition: absolute;\r\n\t\t\t\ttext-align: center;\r\n\t\t\t\tdisplay: block;\r\n\t\t\t}\r\n\r\n\t\t\t.shares_size20 .front-shares-count {\r\n\t\t\t\tfont-size: 10px;\r\n\t\t\t\ttop: 10px;\r\n\t\t\t\twidth: 20px;\r\n\t\t\t}\r\n\r\n\t\t\t.shares_size30 .front-shares-count {\r\n\t\t\t\tfont-size: 11px;\r\n\t\t\t\ttop: 15px;\r\n\t\t\t\twidth: 30px;\r\n\t\t\t}\r\n\r\n\t\t\t.shares_size40 .front-shares-count {\r\n\t\t\t\tfont-size: 12px;\r\n\t\t\t\ttop: 21px;\r\n\t\t\t\twidth: 40px;\r\n\t\t\t}\r\n\t\t<\/style>\r\n\t\t\r\n\t\t<div id=\"huge-it-share-buttons-top\" class=\"huge-it-share-buttons nobackground\">\r\n\t\t\t<h3>Share This:<\/h3>\r\n\t\t\t<ul class=\"huge-it-share-buttons-list \">\r\n\t\t\t\t\t\t\t\t\t<li class=\"nobackground \" >\r\n\r\n\t\t\t\t\t\t\t\t\t\t\t\t<a id=\"backforunical75\" href=\"https:\/\/www.facebook.com\/sharer\/sharer.php?u=www.barbara-club.ch\/index.php?rest_route=%2Fwp%2Fv2%2Fpages%2F75\"  onclick=\"javascript:void window.open('https:\/\/www.facebook.com\/sharer\/sharer.php?u=www.barbara-club.ch\/index.php?rest_route=%2Fwp%2Fv2%2Fpages%2F75','1410949501326','width=700,height=500,toolbar=0,menubar=0,location=0,status=1,scrollbars=1,resizable=1,left=0,top=0');return false;\" style=\"background-position: -0px -120px \"><\/a>\r\n\t\t\t\t\t<\/li>\r\n\t\t\t\t\t\t\t\t\t\t<li class=\"nobackground \" >\r\n\r\n\t\t\t\t\t\t\t\t\t\t\t\t<a id=\"backforunical75\" href=\"https:\/\/twitter.com\/share?status=www.barbara-club.ch\/index.php?rest_route=%2Fwp%2Fv2%2Fpages%2F75&text=Repertoire\"  onclick=\"javascript:void window.open('https:\/\/twitter.com\/share?status=www.barbara-club.ch\/index.php?rest_route=%2Fwp%2Fv2%2Fpages%2F75&text=Repertoire','1410949501326','width=700,height=500,toolbar=0,menubar=0,location=0,status=1,scrollbars=1,resizable=1,left=0,top=0');return false;\" style=\"background-position: -30px -120px \"><\/a>\r\n\t\t\t\t\t<\/li>\r\n\t\t\t\t\t\t\t\t\t\t<li class=\"none nobackground \" >\r\n\r\n\t\t\t\t\t\t\t\t\t\t\t\t<a id=\"backforunical75\" href=\"http:\/\/www.pinterest.com\/pin\/create\/button\/?url=www.barbara-club.ch\/index.php?rest_route=%2Fwp%2Fv2%2Fpages%2F75&media=https:\/\/www.barbara-club.ch\/wp-content\/plugins\/wp-share-buttons\/Front_end\/..\/images\/noimage.png&description=Repertoire\"  onclick=\"javascript:void window.open('http:\/\/www.pinterest.com\/pin\/create\/button\/?url=www.barbara-club.ch\/index.php?rest_route=%2Fwp%2Fv2%2Fpages%2F75&media=https:\/\/www.barbara-club.ch\/wp-content\/plugins\/wp-share-buttons\/Front_end\/..\/images\/noimage.png&description=Repertoire','1410949501326','width=700,height=500,toolbar=0,menubar=0,location=0,status=1,scrollbars=1,resizable=1,left=0,top=0');return false;\" style=\"background-position: -60px -120px \"><\/a>\r\n\t\t\t\t\t<\/li>\r\n\t\t\t\t\t\t\t\t\t\t<li class=\"nobackground \" >\r\n\r\n\t\t\t\t\t\t\t\t\t\t\t\t<a id=\"backforunical75\" href=\"https:\/\/plus.google.com\/share?url=www.barbara-club.ch\/index.php?rest_route=%2Fwp%2Fv2%2Fpages%2F75\"  onclick=\"javascript:void window.open('https:\/\/plus.google.com\/share?url=www.barbara-club.ch\/index.php?rest_route=%2Fwp%2Fv2%2Fpages%2F75','1410949501326','width=700,height=500,toolbar=0,menubar=0,location=0,status=1,scrollbars=1,resizable=1,left=0,top=0');return false;\" style=\"background-position: -90px -120px \"><\/a>\r\n\t\t\t\t\t<\/li>\r\n\t\t\t\t\t\t\t\t\t\t<li class=\"none nobackground \" >\r\n\r\n\t\t\t\t\t\t\t\t\t\t\t\t<a id=\"backforunical75\" href=\"https:\/\/www.linkedin.com\/shareArticle?title=Repertoire&mini=true&url=https:\/\/www.barbara-club.ch\/index.php?rest_route=%2Fwp%2Fv2%2Fpages%2F75\"  onclick=\"javascript:void window.open('https:\/\/www.linkedin.com\/shareArticle?title=Repertoire&mini=true&url=https:\/\/www.barbara-club.ch\/index.php?rest_route=%2Fwp%2Fv2%2Fpages%2F75','1410949501326','width=700,height=500,toolbar=0,menubar=0,location=0,status=1,scrollbars=1,resizable=1,left=0,top=0');return false;\" style=\"background-position: -120px -120px \"><\/a>\r\n\t\t\t\t\t<\/li>\r\n\t\t\t\t\t\t\t\t\t\t<li class=\"none nobackground \" >\r\n\r\n\t\t\t\t\t\t\t\t\t\t\t\t<a id=\"backforunical75\" href=\"https:\/\/www.tumblr.com\/share\/link?url=www.barbara-club.ch\/index.php?rest_route=%2Fwp%2Fv2%2Fpages%2F75&name=Repertoire\"  onclick=\"javascript:void window.open('https:\/\/www.tumblr.com\/share\/link?url=www.barbara-club.ch\/index.php?rest_route=%2Fwp%2Fv2%2Fpages%2F75&name=Repertoire','1410949501326','width=700,height=500,toolbar=0,menubar=0,location=0,status=1,scrollbars=1,resizable=1,left=0,top=0');return false;\" style=\"background-position: -150px -120px \"><\/a>\r\n\t\t\t\t\t<\/li>\r\n\t\t\t\t\t\t\t\t\t\t<li class=\"none nobackground \" >\r\n\r\n\t\t\t\t\t\t\t\t\t\t\t\t<a id=\"backforunical75\" href=\"http:\/\/digg.com\/submit?phase=2&url=www.barbara-club.ch\/index.php?rest_route=%2Fwp%2Fv2%2Fpages%2F75&title=Repertoire\"  onclick=\"javascript:void window.open('http:\/\/digg.com\/submit?phase=2&url=www.barbara-club.ch\/index.php?rest_route=%2Fwp%2Fv2%2Fpages%2F75&title=Repertoire','1410949501326','width=700,height=500,toolbar=0,menubar=0,location=0,status=1,scrollbars=1,resizable=1,left=0,top=0');return false;\" style=\"background-position: -180px -120px \"><\/a>\r\n\t\t\t\t\t<\/li>\r\n\t\t\t\t\t\t\t\t\t\t<li class=\"none nobackground \" >\r\n\r\n\t\t\t\t\t\t\t\t\t\t\t\t<a id=\"backforunical75\" href=\"http:\/\/www.stumbleupon.com\/submit?url=www.barbara-club.ch\/index.php?rest_route=%2Fwp%2Fv2%2Fpages%2F75&title=Repertoire\"  onclick=\"javascript:void window.open('http:\/\/www.stumbleupon.com\/submit?url=www.barbara-club.ch\/index.php?rest_route=%2Fwp%2Fv2%2Fpages%2F75&title=Repertoire','1410949501326','width=700,height=500,toolbar=0,menubar=0,location=0,status=1,scrollbars=1,resizable=1,left=0,top=0');return false;\" style=\"background-position: -210px -120px \"><\/a>\r\n\t\t\t\t\t<\/li>\r\n\t\t\t\t\t\t\t\t\t\t<li class=\"none nobackground \" >\r\n\r\n\t\t\t\t\t\t\t\t\t\t\t\t<a id=\"backforunical75\" href=\"https:\/\/myspace.com\/post?l=3&u=www.barbara-club.ch\/index.php?rest_route=%2Fwp%2Fv2%2Fpages%2F75\"  onclick=\"javascript:void window.open('https:\/\/myspace.com\/post?l=3&u=www.barbara-club.ch\/index.php?rest_route=%2Fwp%2Fv2%2Fpages%2F75','1410949501326','width=700,height=500,toolbar=0,menubar=0,location=0,status=1,scrollbars=1,resizable=1,left=0,top=0');return false;\" style=\"background-position: -240px -120px \"><\/a>\r\n\t\t\t\t\t<\/li>\r\n\t\t\t\t\t\t\t\t\t\t<li class=\"none nobackground \" >\r\n\r\n\t\t\t\t\t\t\t\t\t\t\t\t<a id=\"backforunical75\" href=\"http:\/\/vk.com\/share.php?url=www.barbara-club.ch\/index.php?rest_route=%2Fwp%2Fv2%2Fpages%2F75&title=Repertoire\"  onclick=\"javascript:void window.open('http:\/\/vk.com\/share.php?url=www.barbara-club.ch\/index.php?rest_route=%2Fwp%2Fv2%2Fpages%2F75&title=Repertoire','1410949501326','width=700,height=500,toolbar=0,menubar=0,location=0,status=1,scrollbars=1,resizable=1,left=0,top=0');return false;\" style=\"background-position: -270px -120px \"><\/a>\r\n\t\t\t\t\t<\/li>\r\n\t\t\t\t\t\t\t\t\t\t<li class=\"none nobackground \" >\r\n\r\n\t\t\t\t\t\t\t\t\t\t\t\t<a id=\"backforunical75\" href=\"http:\/\/www.reddit.com\/submit?url=www.barbara-club.ch\/index.php?rest_route=%2Fwp%2Fv2%2Fpages%2F75&title=Repertoire\"  onclick=\"javascript:void window.open('http:\/\/www.reddit.com\/submit?url=www.barbara-club.ch\/index.php?rest_route=%2Fwp%2Fv2%2Fpages%2F75&title=Repertoire','1410949501326','width=700,height=500,toolbar=0,menubar=0,location=0,status=1,scrollbars=1,resizable=1,left=0,top=0');return false;\" style=\"background-position: -300px -120px \"><\/a>\r\n\t\t\t\t\t<\/li>\r\n\t\t\t\t\t\t\t\t\t\t<li class=\"none nobackground \" >\r\n\r\n\t\t\t\t\t\t\t\t\t\t\t\t<a id=\"backforunical75\" href=\"http:\/\/www.bebo.com\/c\/share?Url=www.barbara-club.ch\/index.php?rest_route=%2Fwp%2Fv2%2Fpages%2F75\"  onclick=\"javascript:void window.open('http:\/\/www.bebo.com\/c\/share?Url=www.barbara-club.ch\/index.php?rest_route=%2Fwp%2Fv2%2Fpages%2F75','1410949501326','width=700,height=500,toolbar=0,menubar=0,location=0,status=1,scrollbars=1,resizable=1,left=0,top=0');return false;\" style=\"background-position: -330px -120px \"><\/a>\r\n\t\t\t\t\t<\/li>\r\n\t\t\t\t\t\t\t\t\t\t<li class=\"none nobackground \" >\r\n\r\n\t\t\t\t\t\t\t\t\t\t\t\t<a id=\"backforunical75\" href=\"https:\/\/delicious.com\/save?v=5&noui&jump=close&url=www.barbara-club.ch\/index.php?rest_route=%2Fwp%2Fv2%2Fpages%2F75&title=Repertoire\"  onclick=\"javascript:void window.open('https:\/\/delicious.com\/save?v=5&noui&jump=close&url=www.barbara-club.ch\/index.php?rest_route=%2Fwp%2Fv2%2Fpages%2F75&title=Repertoire','1410949501326','width=700,height=500,toolbar=0,menubar=0,location=0,status=1,scrollbars=1,resizable=1,left=0,top=0');return false;\" style=\"background-position: -360px -120px \"><\/a>\r\n\t\t\t\t\t<\/li>\r\n\t\t\t\t\t\t\t\t\t\t<li class=\"none nobackground \" >\r\n\r\n\t\t\t\t\t\t\t\t\t\t\t\t<a id=\"backforunical75\" href=\"http:\/\/www.odnoklassniki.ru\/dk?st.cmd=addShare&st.s=2&st.noresize=on&st._surl=www.barbara-club.ch\/index.php?rest_route=%2Fwp%2Fv2%2Fpages%2F75\"  onclick=\"javascript:void window.open('http:\/\/www.odnoklassniki.ru\/dk?st.cmd=addShare&st.s=2&st.noresize=on&st._surl=www.barbara-club.ch\/index.php?rest_route=%2Fwp%2Fv2%2Fpages%2F75','1410949501326','width=700,height=500,toolbar=0,menubar=0,location=0,status=1,scrollbars=1,resizable=1,left=0,top=0');return false;\" style=\"background-position: -390px -120px \"><\/a>\r\n\t\t\t\t\t<\/li>\r\n\t\t\t\t\t\t\t\t\t\t<li class=\"none nobackground \" >\r\n\r\n\t\t\t\t\t\t\t\t\t\t\t\t<a id=\"backforunical75\" href=\"http:\/\/sns.qzone.qq.com\/cgi-bin\/qzshare\/cgi_qzshare_onekey?url=www.barbara-club.ch\/index.php?rest_route=%2Fwp%2Fv2%2Fpages%2F75&title=Repertoire\"  onclick=\"javascript:void window.open('http:\/\/sns.qzone.qq.com\/cgi-bin\/qzshare\/cgi_qzshare_onekey?url=www.barbara-club.ch\/index.php?rest_route=%2Fwp%2Fv2%2Fpages%2F75&title=Repertoire','1410949501326','width=700,height=500,toolbar=0,menubar=0,location=0,status=1,scrollbars=1,resizable=1,left=0,top=0');return false;\" style=\"background-position: -420px -120px \"><\/a>\r\n\t\t\t\t\t<\/li>\r\n\t\t\t\t\t\t\t\t\t\t<li class=\"none nobackground \" >\r\n\r\n\t\t\t\t\t\t\t\t\t\t\t\t<a id=\"backforunical75\" href=\"http:\/\/service.weibo.com\/share\/share.php?url=www.barbara-club.ch\/index.php?rest_route=%2Fwp%2Fv2%2Fpages%2F75&appkey=&title=Repertoire&pic=&ralateUid=&\"  onclick=\"javascript:void window.open('http:\/\/service.weibo.com\/share\/share.php?url=www.barbara-club.ch\/index.php?rest_route=%2Fwp%2Fv2%2Fpages%2F75&appkey=&title=Repertoire&pic=&ralateUid=&','1410949501326','width=700,height=500,toolbar=0,menubar=0,location=0,status=1,scrollbars=1,resizable=1,left=0,top=0');return false;\" style=\"background-position: -450px -120px \"><\/a>\r\n\t\t\t\t\t<\/li>\r\n\t\t\t\t\t\t\t\t\t\t<li class=\"none nobackground \" >\r\n\r\n\t\t\t\t\t\t\t\t\t\t\t\t<a id=\"backforunical75\" href=\"http:\/\/widget.renren.com\/dialog\/share?resourceUrl=www.barbara-club.ch\/index.php?rest_route=%2Fwp%2Fv2%2Fpages%2F75&srcUrl=www.barbara-club.ch\/index.php?rest_route=%2Fwp%2Fv2%2Fpages%2F75&title=Repertoire\"  onclick=\"javascript:void window.open('http:\/\/widget.renren.com\/dialog\/share?resourceUrl=www.barbara-club.ch\/index.php?rest_route=%2Fwp%2Fv2%2Fpages%2F75&srcUrl=www.barbara-club.ch\/index.php?rest_route=%2Fwp%2Fv2%2Fpages%2F75&title=Repertoire','1410949501326','width=700,height=500,toolbar=0,menubar=0,location=0,status=1,scrollbars=1,resizable=1,left=0,top=0');return false;\" style=\"background-position: -480px -120px \"><\/a>\r\n\t\t\t\t\t<\/li>\r\n\t\t\t\t\t\t\t\t\t\t<li class=\"none nobackground \" >\r\n\r\n\t\t\t\t\t\t\t\t\t\t\t\t<a id=\"backforunical75\" href=\"http:\/\/n4g.com\/tips?url=www.barbara-club.ch\/index.php?rest_route=%2Fwp%2Fv2%2Fpages%2F75&title=Repertoire\"  onclick=\"javascript:void window.open('http:\/\/n4g.com\/tips?url=www.barbara-club.ch\/index.php?rest_route=%2Fwp%2Fv2%2Fpages%2F75&title=Repertoire','1410949501326','width=700,height=500,toolbar=0,menubar=0,location=0,status=1,scrollbars=1,resizable=1,left=0,top=0');return false;\" style=\"background-position: -510px -120px \"><\/a>\r\n\t\t\t\t\t<\/li>\r\n\t\t\t\t\t\t\t\t<\/ul>\r\n\t\t\t<div class=\"clear\"><\/div>\r\n\t\t<\/div>\r\n\t\t","protected":false},"excerpt":{"rendered":"<p>Pfyffer- und Drummelm\u00e4rsch Drummelm\u00e4rsch Pfyfferm\u00e4rsch Alte Schweizermaersche Celanesen Altfrangg Arabi Dreier dr Fischm\u00e4rt Aupres de ma blonde Faschtewaje &nbsp; z Basel an mym Rhy Maetzli &nbsp; Basler Marsch Neue Basler Tagwacht &nbsp; Brite 79 Pumperniggel &nbsp; dr Duddelsagg Ueli Festspielmaersche Winschdi &nbsp; Glopfgaischt Gluggsi &nbsp; &nbsp; Glunggi &nbsp; &nbsp; Laeggerli &nbsp; &nbsp; Lisettli &nbsp; &nbsp; [&hellip;]<\/p>\n","protected":false},"author":1,"featured_media":0,"parent":0,"menu_order":0,"comment_status":"closed","ping_status":"closed","template":"","meta":{"ngg_post_thumbnail":0,"footnotes":""},"class_list":["post-75","page","type-page","status-publish","hentry"],"_links":{"self":[{"href":"https:\/\/www.barbara-club.ch\/index.php?rest_route=\/wp\/v2\/pages\/75","targetHints":{"allow":["GET"]}}],"collection":[{"href":"https:\/\/www.barbara-club.ch\/index.php?rest_route=\/wp\/v2\/pages"}],"about":[{"href":"https:\/\/www.barbara-club.ch\/index.php?rest_route=\/wp\/v2\/types\/page"}],"author":[{"embeddable":true,"href":"https:\/\/www.barbara-club.ch\/index.php?rest_route=\/wp\/v2\/users\/1"}],"replies":[{"embeddable":true,"href":"https:\/\/www.barbara-club.ch\/index.php?rest_route=%2Fwp%2Fv2%2Fcomments&post=75"}],"version-history":[{"count":3,"href":"https:\/\/www.barbara-club.ch\/index.php?rest_route=\/wp\/v2\/pages\/75\/revisions"}],"predecessor-version":[{"id":2915,"href":"https:\/\/www.barbara-club.ch\/index.php?rest_route=\/wp\/v2\/pages\/75\/revisions\/2915"}],"wp:attachment":[{"href":"https:\/\/www.barbara-club.ch\/index.php?rest_route=%2Fwp%2Fv2%2Fmedia&parent=75"}],"curies":[{"name":"wp","href":"https:\/\/api.w.org\/{rel}","templated":true}]}}