{"id":80,"date":"2015-10-14T14:45:27","date_gmt":"2015-10-14T14:45:27","guid":{"rendered":"http:\/\/www.delightshots.ch\/barbara-club\/?page_id=80"},"modified":"2015-10-14T14:45:27","modified_gmt":"2015-10-14T14:45:27","slug":"repertoire-2","status":"publish","type":"page","link":"https:\/\/www.barbara-club.ch\/?page_id=80","title":{"rendered":"Repertoire"},"content":{"rendered":"<table id=\"table_187\">\n<thead>\n<tr>\n<th class=\"head_0 col_first\">Pfyffer- und Drummelm\u00e4rsch<\/th>\n<th class=\"head_1 col_last\">Drummelm\u00e4rsch<\/th>\n<\/tr>\n<\/thead>\n<tbody>\n<tr class=\"row_0 row_first even\">\n<td class=\"col_0 col_first\">Alte Schweizermaersche<\/td>\n<td class=\"col_1 col_last\">Dreier<\/td>\n<\/tr>\n<tr class=\"row_1 odd\">\n<td class=\"col_0 col_first\">Arabi<\/td>\n<td class=\"col_1 col_last\">M\u00e4tzli<\/td>\n<\/tr>\n<tr class=\"row_2 even\">\n<td class=\"col_0 col_first\">z Basel an mym Rhy<\/td>\n<td class=\"col_1 col_last\">Ueli<\/td>\n<\/tr>\n<tr class=\"row_3 odd\">\n<td class=\"col_0 col_first\">Basler Marsch<\/td>\n<td class=\"col_1 col_last\">Celanesen<\/td>\n<\/tr>\n<tr class=\"row_4 even\">\n<td class=\"col_0 col_first\">Donizetti mit Regim\u00e4ntsdochter<\/td>\n<td class=\"col_1 col_last\"><\/td>\n<\/tr>\n<tr class=\"row_5 odd\">\n<td class=\"col_0 col_first\">Festspielmaersche<\/td>\n<td class=\"col_1 col_last\"><\/td>\n<\/tr>\n<tr class=\"row_6 even\">\n<td class=\"col_0 col_first\">Neyi Glaibasler<\/td>\n<td class=\"col_1 col_last\"><\/td>\n<\/tr>\n<tr class=\"row_7 odd\">\n<td class=\"col_0 col_first\">Glopfgaischt<\/td>\n<td class=\"col_1 col_last\"><\/td>\n<\/tr>\n<tr class=\"row_8 even\">\n<td class=\"col_0 col_first\">Gluggsi<\/td>\n<td class=\"col_1 col_last\"><\/td>\n<\/tr>\n<tr class=\"row_9 odd\">\n<td class=\"col_0 col_first\">Glunggi<\/td>\n<td class=\"col_1 col_last\"><\/td>\n<\/tr>\n<tr class=\"row_10 even\">\n<td class=\"col_0 col_first\">L\u00e4ggerli<\/td>\n<td class=\"col_1 col_last\"><\/td>\n<\/tr>\n<tr class=\"row_11 odd\">\n<td class=\"col_0 col_first\">Lisettli<\/td>\n<td class=\"col_1 col_last\"><\/td>\n<\/tr>\n<tr class=\"row_12 even\">\n<td class=\"col_0 col_first\">Luuser<\/td>\n<td class=\"col_1 col_last\"><\/td>\n<\/tr>\n<tr class=\"row_13 odd\">\n<td class=\"col_0 col_first\">Naarebaschi<\/td>\n<td class=\"col_1 col_last\"><\/td>\n<\/tr>\n<tr class=\"row_14 even\">\n<td class=\"col_0 col_first\">Pfeifer-Retraite<\/td>\n<td class=\"col_1 col_last\"><\/td>\n<\/tr>\n<tr class=\"row_15 odd\">\n<td class=\"col_0 col_first\">d&#8217;Route Symfonie<\/td>\n<td class=\"col_1 col_last\"><\/td>\n<\/tr>\n<tr class=\"row_16 even\">\n<td class=\"col_0 col_first\">Rossignol<\/td>\n<td class=\"col_1 col_last\"><\/td>\n<\/tr>\n<tr class=\"row_17 odd\">\n<td class=\"col_0 col_first\">Saggodo<\/td>\n<td class=\"col_1 col_last\"><\/td>\n<\/tr>\n<tr class=\"row_18 even\">\n<td class=\"col_0 col_first\">Sambre et Meuse<\/td>\n<td class=\"col_1 col_last\"><\/td>\n<\/tr>\n<tr class=\"row_19 odd\">\n<td class=\"col_0 col_first\">Unggle Sam<\/td>\n<td class=\"col_1 col_last\"><\/td>\n<\/tr>\n<tr class=\"row_20 even\">\n<td class=\"col_0 col_first\">Whisky<\/td>\n<td class=\"col_1 col_last\"><\/td>\n<\/tr>\n<tr class=\"row_21 row_last odd\">\n<td class=\"col_0 col_first\">Yankee<\/td>\n<td class=\"col_1 col_last\"><\/td>\n<\/tr>\n<\/tbody>\n<\/table>\n\r\n\t\t<style>\r\n\t\t\t.huge-it-share-buttons {\r\n\t\t\t\tborder:0px solid #0FB5D6;\r\n\t\t\t\tborder-radius:5px;\r\n\t\t\t\tbackground:#3BD8FF;\r\n\t\t\t\t\t\t\t\t\t text-align:center; \t\t\t}\r\n\r\n\t\t\t#huge-it-share-buttons-top {margin-bottom:0px;}\r\n\t\t\t#huge-it-share-buttons-bottom {margin-top:0px;}\r\n\r\n\t\t\t.huge-it-share-buttons h3 {\r\n\t\t\t\tfont-size:25px ;\r\n\t\t\t\tfont-family:Arial,Helvetica Neue,Helvetica,sans-serif;\r\n\t\t\t\tcolor:#666666;\r\n\r\n\t\t\tdisplay:block;\t\t\t\tline-height:25px ;\r\n\r\n\t\t\t\t\t\t\t\t\t text-align:center; \t\t\t}\r\n\r\n\t\t\t.huge-it-share-buttons ul {\r\n\t\t\t\t\t\t\t\t\t margin:0px auto !important;text-align:center; \t\t\t}\r\n\r\n\t\t\t.huge-it-share-buttons ul li {\r\n\t\t\t\tmargin-left:3px;\r\n\t\t\t\tmargin-right:3px;\r\n\t\t\t\tpadding:0px;\r\n\t\t\t\tborder:0px ridge #E6354C;\r\n\t\t\t\tborder-radius:11px;\r\n\t\t\t\tbackground-color:#14CC9B;\r\n\t\t\t}\r\n\r\n\t\t\t.huge-it-share-buttons ul li #backforunical80 {\r\n\t\t\t\tborder-bottom: 0;\r\n\t\t\t\tbackground-image:url('https:\/\/www.barbara-club.ch\/wp-content\/plugins\/wp-share-buttons\/Front_end\/..\/images\/buttons.30.png');\r\n\t\t\t\twidth:30px;\r\n\t\t\t\theight:30px;\r\n\t\t\t}\r\n\r\n\t\t\t.front-shares-count {\r\n\t\t\t\tposition: absolute;\r\n\t\t\t\ttext-align: center;\r\n\t\t\t\tdisplay: block;\r\n\t\t\t}\r\n\r\n\t\t\t.shares_size20 .front-shares-count {\r\n\t\t\t\tfont-size: 10px;\r\n\t\t\t\ttop: 10px;\r\n\t\t\t\twidth: 20px;\r\n\t\t\t}\r\n\r\n\t\t\t.shares_size30 .front-shares-count {\r\n\t\t\t\tfont-size: 11px;\r\n\t\t\t\ttop: 15px;\r\n\t\t\t\twidth: 30px;\r\n\t\t\t}\r\n\r\n\t\t\t.shares_size40 .front-shares-count {\r\n\t\t\t\tfont-size: 12px;\r\n\t\t\t\ttop: 21px;\r\n\t\t\t\twidth: 40px;\r\n\t\t\t}\r\n\t\t<\/style>\r\n\t\t\r\n\t\t<div id=\"huge-it-share-buttons-top\" class=\"huge-it-share-buttons nobackground\">\r\n\t\t\t<h3>Share This:<\/h3>\r\n\t\t\t<ul class=\"huge-it-share-buttons-list \">\r\n\t\t\t\t\t\t\t\t\t<li class=\"nobackground \" >\r\n\r\n\t\t\t\t\t\t\t\t\t\t\t\t<a id=\"backforunical80\" href=\"https:\/\/www.facebook.com\/sharer\/sharer.php?u=www.barbara-club.ch\/index.php?rest_route=%2Fwp%2Fv2%2Fpages%2F80\"  onclick=\"javascript:void window.open('https:\/\/www.facebook.com\/sharer\/sharer.php?u=www.barbara-club.ch\/index.php?rest_route=%2Fwp%2Fv2%2Fpages%2F80','1410949501326','width=700,height=500,toolbar=0,menubar=0,location=0,status=1,scrollbars=1,resizable=1,left=0,top=0');return false;\" style=\"background-position: -0px -120px \"><\/a>\r\n\t\t\t\t\t<\/li>\r\n\t\t\t\t\t\t\t\t\t\t<li class=\"nobackground \" >\r\n\r\n\t\t\t\t\t\t\t\t\t\t\t\t<a id=\"backforunical80\" href=\"https:\/\/twitter.com\/share?status=www.barbara-club.ch\/index.php?rest_route=%2Fwp%2Fv2%2Fpages%2F80&text=Repertoire\"  onclick=\"javascript:void window.open('https:\/\/twitter.com\/share?status=www.barbara-club.ch\/index.php?rest_route=%2Fwp%2Fv2%2Fpages%2F80&text=Repertoire','1410949501326','width=700,height=500,toolbar=0,menubar=0,location=0,status=1,scrollbars=1,resizable=1,left=0,top=0');return false;\" style=\"background-position: -30px -120px \"><\/a>\r\n\t\t\t\t\t<\/li>\r\n\t\t\t\t\t\t\t\t\t\t<li class=\"none nobackground \" >\r\n\r\n\t\t\t\t\t\t\t\t\t\t\t\t<a id=\"backforunical80\" href=\"http:\/\/www.pinterest.com\/pin\/create\/button\/?url=www.barbara-club.ch\/index.php?rest_route=%2Fwp%2Fv2%2Fpages%2F80&media=https:\/\/www.barbara-club.ch\/wp-content\/plugins\/wp-share-buttons\/Front_end\/..\/images\/noimage.png&description=Repertoire\"  onclick=\"javascript:void window.open('http:\/\/www.pinterest.com\/pin\/create\/button\/?url=www.barbara-club.ch\/index.php?rest_route=%2Fwp%2Fv2%2Fpages%2F80&media=https:\/\/www.barbara-club.ch\/wp-content\/plugins\/wp-share-buttons\/Front_end\/..\/images\/noimage.png&description=Repertoire','1410949501326','width=700,height=500,toolbar=0,menubar=0,location=0,status=1,scrollbars=1,resizable=1,left=0,top=0');return false;\" style=\"background-position: -60px -120px \"><\/a>\r\n\t\t\t\t\t<\/li>\r\n\t\t\t\t\t\t\t\t\t\t<li class=\"nobackground \" >\r\n\r\n\t\t\t\t\t\t\t\t\t\t\t\t<a id=\"backforunical80\" href=\"https:\/\/plus.google.com\/share?url=www.barbara-club.ch\/index.php?rest_route=%2Fwp%2Fv2%2Fpages%2F80\"  onclick=\"javascript:void window.open('https:\/\/plus.google.com\/share?url=www.barbara-club.ch\/index.php?rest_route=%2Fwp%2Fv2%2Fpages%2F80','1410949501326','width=700,height=500,toolbar=0,menubar=0,location=0,status=1,scrollbars=1,resizable=1,left=0,top=0');return false;\" style=\"background-position: -90px -120px \"><\/a>\r\n\t\t\t\t\t<\/li>\r\n\t\t\t\t\t\t\t\t\t\t<li class=\"none nobackground \" >\r\n\r\n\t\t\t\t\t\t\t\t\t\t\t\t<a id=\"backforunical80\" href=\"https:\/\/www.linkedin.com\/shareArticle?title=Repertoire&mini=true&url=https:\/\/www.barbara-club.ch\/index.php?rest_route=%2Fwp%2Fv2%2Fpages%2F80\"  onclick=\"javascript:void window.open('https:\/\/www.linkedin.com\/shareArticle?title=Repertoire&mini=true&url=https:\/\/www.barbara-club.ch\/index.php?rest_route=%2Fwp%2Fv2%2Fpages%2F80','1410949501326','width=700,height=500,toolbar=0,menubar=0,location=0,status=1,scrollbars=1,resizable=1,left=0,top=0');return false;\" style=\"background-position: -120px -120px \"><\/a>\r\n\t\t\t\t\t<\/li>\r\n\t\t\t\t\t\t\t\t\t\t<li class=\"none nobackground \" >\r\n\r\n\t\t\t\t\t\t\t\t\t\t\t\t<a id=\"backforunical80\" href=\"https:\/\/www.tumblr.com\/share\/link?url=www.barbara-club.ch\/index.php?rest_route=%2Fwp%2Fv2%2Fpages%2F80&name=Repertoire\"  onclick=\"javascript:void window.open('https:\/\/www.tumblr.com\/share\/link?url=www.barbara-club.ch\/index.php?rest_route=%2Fwp%2Fv2%2Fpages%2F80&name=Repertoire','1410949501326','width=700,height=500,toolbar=0,menubar=0,location=0,status=1,scrollbars=1,resizable=1,left=0,top=0');return false;\" style=\"background-position: -150px -120px \"><\/a>\r\n\t\t\t\t\t<\/li>\r\n\t\t\t\t\t\t\t\t\t\t<li class=\"none nobackground \" >\r\n\r\n\t\t\t\t\t\t\t\t\t\t\t\t<a id=\"backforunical80\" href=\"http:\/\/digg.com\/submit?phase=2&url=www.barbara-club.ch\/index.php?rest_route=%2Fwp%2Fv2%2Fpages%2F80&title=Repertoire\"  onclick=\"javascript:void window.open('http:\/\/digg.com\/submit?phase=2&url=www.barbara-club.ch\/index.php?rest_route=%2Fwp%2Fv2%2Fpages%2F80&title=Repertoire','1410949501326','width=700,height=500,toolbar=0,menubar=0,location=0,status=1,scrollbars=1,resizable=1,left=0,top=0');return false;\" style=\"background-position: -180px -120px \"><\/a>\r\n\t\t\t\t\t<\/li>\r\n\t\t\t\t\t\t\t\t\t\t<li class=\"none nobackground \" >\r\n\r\n\t\t\t\t\t\t\t\t\t\t\t\t<a id=\"backforunical80\" href=\"http:\/\/www.stumbleupon.com\/submit?url=www.barbara-club.ch\/index.php?rest_route=%2Fwp%2Fv2%2Fpages%2F80&title=Repertoire\"  onclick=\"javascript:void window.open('http:\/\/www.stumbleupon.com\/submit?url=www.barbara-club.ch\/index.php?rest_route=%2Fwp%2Fv2%2Fpages%2F80&title=Repertoire','1410949501326','width=700,height=500,toolbar=0,menubar=0,location=0,status=1,scrollbars=1,resizable=1,left=0,top=0');return false;\" style=\"background-position: -210px -120px \"><\/a>\r\n\t\t\t\t\t<\/li>\r\n\t\t\t\t\t\t\t\t\t\t<li class=\"none nobackground \" >\r\n\r\n\t\t\t\t\t\t\t\t\t\t\t\t<a id=\"backforunical80\" href=\"https:\/\/myspace.com\/post?l=3&u=www.barbara-club.ch\/index.php?rest_route=%2Fwp%2Fv2%2Fpages%2F80\"  onclick=\"javascript:void window.open('https:\/\/myspace.com\/post?l=3&u=www.barbara-club.ch\/index.php?rest_route=%2Fwp%2Fv2%2Fpages%2F80','1410949501326','width=700,height=500,toolbar=0,menubar=0,location=0,status=1,scrollbars=1,resizable=1,left=0,top=0');return false;\" style=\"background-position: -240px -120px \"><\/a>\r\n\t\t\t\t\t<\/li>\r\n\t\t\t\t\t\t\t\t\t\t<li class=\"none nobackground \" >\r\n\r\n\t\t\t\t\t\t\t\t\t\t\t\t<a id=\"backforunical80\" href=\"http:\/\/vk.com\/share.php?url=www.barbara-club.ch\/index.php?rest_route=%2Fwp%2Fv2%2Fpages%2F80&title=Repertoire\"  onclick=\"javascript:void window.open('http:\/\/vk.com\/share.php?url=www.barbara-club.ch\/index.php?rest_route=%2Fwp%2Fv2%2Fpages%2F80&title=Repertoire','1410949501326','width=700,height=500,toolbar=0,menubar=0,location=0,status=1,scrollbars=1,resizable=1,left=0,top=0');return false;\" style=\"background-position: -270px -120px \"><\/a>\r\n\t\t\t\t\t<\/li>\r\n\t\t\t\t\t\t\t\t\t\t<li class=\"none nobackground \" >\r\n\r\n\t\t\t\t\t\t\t\t\t\t\t\t<a id=\"backforunical80\" href=\"http:\/\/www.reddit.com\/submit?url=www.barbara-club.ch\/index.php?rest_route=%2Fwp%2Fv2%2Fpages%2F80&title=Repertoire\"  onclick=\"javascript:void window.open('http:\/\/www.reddit.com\/submit?url=www.barbara-club.ch\/index.php?rest_route=%2Fwp%2Fv2%2Fpages%2F80&title=Repertoire','1410949501326','width=700,height=500,toolbar=0,menubar=0,location=0,status=1,scrollbars=1,resizable=1,left=0,top=0');return false;\" style=\"background-position: -300px -120px \"><\/a>\r\n\t\t\t\t\t<\/li>\r\n\t\t\t\t\t\t\t\t\t\t<li class=\"none nobackground \" >\r\n\r\n\t\t\t\t\t\t\t\t\t\t\t\t<a id=\"backforunical80\" href=\"http:\/\/www.bebo.com\/c\/share?Url=www.barbara-club.ch\/index.php?rest_route=%2Fwp%2Fv2%2Fpages%2F80\"  onclick=\"javascript:void window.open('http:\/\/www.bebo.com\/c\/share?Url=www.barbara-club.ch\/index.php?rest_route=%2Fwp%2Fv2%2Fpages%2F80','1410949501326','width=700,height=500,toolbar=0,menubar=0,location=0,status=1,scrollbars=1,resizable=1,left=0,top=0');return false;\" style=\"background-position: -330px -120px \"><\/a>\r\n\t\t\t\t\t<\/li>\r\n\t\t\t\t\t\t\t\t\t\t<li class=\"none nobackground \" >\r\n\r\n\t\t\t\t\t\t\t\t\t\t\t\t<a id=\"backforunical80\" href=\"https:\/\/delicious.com\/save?v=5&noui&jump=close&url=www.barbara-club.ch\/index.php?rest_route=%2Fwp%2Fv2%2Fpages%2F80&title=Repertoire\"  onclick=\"javascript:void window.open('https:\/\/delicious.com\/save?v=5&noui&jump=close&url=www.barbara-club.ch\/index.php?rest_route=%2Fwp%2Fv2%2Fpages%2F80&title=Repertoire','1410949501326','width=700,height=500,toolbar=0,menubar=0,location=0,status=1,scrollbars=1,resizable=1,left=0,top=0');return false;\" style=\"background-position: -360px -120px \"><\/a>\r\n\t\t\t\t\t<\/li>\r\n\t\t\t\t\t\t\t\t\t\t<li class=\"none nobackground \" >\r\n\r\n\t\t\t\t\t\t\t\t\t\t\t\t<a id=\"backforunical80\" href=\"http:\/\/www.odnoklassniki.ru\/dk?st.cmd=addShare&st.s=2&st.noresize=on&st._surl=www.barbara-club.ch\/index.php?rest_route=%2Fwp%2Fv2%2Fpages%2F80\"  onclick=\"javascript:void window.open('http:\/\/www.odnoklassniki.ru\/dk?st.cmd=addShare&st.s=2&st.noresize=on&st._surl=www.barbara-club.ch\/index.php?rest_route=%2Fwp%2Fv2%2Fpages%2F80','1410949501326','width=700,height=500,toolbar=0,menubar=0,location=0,status=1,scrollbars=1,resizable=1,left=0,top=0');return false;\" style=\"background-position: -390px -120px \"><\/a>\r\n\t\t\t\t\t<\/li>\r\n\t\t\t\t\t\t\t\t\t\t<li class=\"none nobackground \" >\r\n\r\n\t\t\t\t\t\t\t\t\t\t\t\t<a id=\"backforunical80\" href=\"http:\/\/sns.qzone.qq.com\/cgi-bin\/qzshare\/cgi_qzshare_onekey?url=www.barbara-club.ch\/index.php?rest_route=%2Fwp%2Fv2%2Fpages%2F80&title=Repertoire\"  onclick=\"javascript:void window.open('http:\/\/sns.qzone.qq.com\/cgi-bin\/qzshare\/cgi_qzshare_onekey?url=www.barbara-club.ch\/index.php?rest_route=%2Fwp%2Fv2%2Fpages%2F80&title=Repertoire','1410949501326','width=700,height=500,toolbar=0,menubar=0,location=0,status=1,scrollbars=1,resizable=1,left=0,top=0');return false;\" style=\"background-position: -420px -120px \"><\/a>\r\n\t\t\t\t\t<\/li>\r\n\t\t\t\t\t\t\t\t\t\t<li class=\"none nobackground \" >\r\n\r\n\t\t\t\t\t\t\t\t\t\t\t\t<a id=\"backforunical80\" href=\"http:\/\/service.weibo.com\/share\/share.php?url=www.barbara-club.ch\/index.php?rest_route=%2Fwp%2Fv2%2Fpages%2F80&appkey=&title=Repertoire&pic=&ralateUid=&\"  onclick=\"javascript:void window.open('http:\/\/service.weibo.com\/share\/share.php?url=www.barbara-club.ch\/index.php?rest_route=%2Fwp%2Fv2%2Fpages%2F80&appkey=&title=Repertoire&pic=&ralateUid=&','1410949501326','width=700,height=500,toolbar=0,menubar=0,location=0,status=1,scrollbars=1,resizable=1,left=0,top=0');return false;\" style=\"background-position: -450px -120px \"><\/a>\r\n\t\t\t\t\t<\/li>\r\n\t\t\t\t\t\t\t\t\t\t<li class=\"none nobackground \" >\r\n\r\n\t\t\t\t\t\t\t\t\t\t\t\t<a id=\"backforunical80\" href=\"http:\/\/widget.renren.com\/dialog\/share?resourceUrl=www.barbara-club.ch\/index.php?rest_route=%2Fwp%2Fv2%2Fpages%2F80&srcUrl=www.barbara-club.ch\/index.php?rest_route=%2Fwp%2Fv2%2Fpages%2F80&title=Repertoire\"  onclick=\"javascript:void window.open('http:\/\/widget.renren.com\/dialog\/share?resourceUrl=www.barbara-club.ch\/index.php?rest_route=%2Fwp%2Fv2%2Fpages%2F80&srcUrl=www.barbara-club.ch\/index.php?rest_route=%2Fwp%2Fv2%2Fpages%2F80&title=Repertoire','1410949501326','width=700,height=500,toolbar=0,menubar=0,location=0,status=1,scrollbars=1,resizable=1,left=0,top=0');return false;\" style=\"background-position: -480px -120px \"><\/a>\r\n\t\t\t\t\t<\/li>\r\n\t\t\t\t\t\t\t\t\t\t<li class=\"none nobackground \" >\r\n\r\n\t\t\t\t\t\t\t\t\t\t\t\t<a id=\"backforunical80\" href=\"http:\/\/n4g.com\/tips?url=www.barbara-club.ch\/index.php?rest_route=%2Fwp%2Fv2%2Fpages%2F80&title=Repertoire\"  onclick=\"javascript:void window.open('http:\/\/n4g.com\/tips?url=www.barbara-club.ch\/index.php?rest_route=%2Fwp%2Fv2%2Fpages%2F80&title=Repertoire','1410949501326','width=700,height=500,toolbar=0,menubar=0,location=0,status=1,scrollbars=1,resizable=1,left=0,top=0');return false;\" style=\"background-position: -510px -120px \"><\/a>\r\n\t\t\t\t\t<\/li>\r\n\t\t\t\t\t\t\t\t<\/ul>\r\n\t\t\t<div class=\"clear\"><\/div>\r\n\t\t<\/div>\r\n\t\t","protected":false},"excerpt":{"rendered":"<p>Pfyffer- und Drummelm\u00e4rsch Drummelm\u00e4rsch Alte Schweizermaersche Dreier Arabi M\u00e4tzli z Basel an mym Rhy Ueli Basler Marsch Celanesen Donizetti mit Regim\u00e4ntsdochter Festspielmaersche Neyi Glaibasler Glopfgaischt Gluggsi Glunggi L\u00e4ggerli Lisettli Luuser Naarebaschi Pfeifer-Retraite d&#8217;Route Symfonie Rossignol Saggodo Sambre et Meuse Unggle Sam Whisky Yankee Share This:<\/p>\n","protected":false},"author":1,"featured_media":0,"parent":0,"menu_order":0,"comment_status":"closed","ping_status":"closed","template":"","meta":{"ngg_post_thumbnail":0,"footnotes":""},"class_list":["post-80","page","type-page","status-publish","hentry"],"_links":{"self":[{"href":"https:\/\/www.barbara-club.ch\/index.php?rest_route=\/wp\/v2\/pages\/80","targetHints":{"allow":["GET"]}}],"collection":[{"href":"https:\/\/www.barbara-club.ch\/index.php?rest_route=\/wp\/v2\/pages"}],"about":[{"href":"https:\/\/www.barbara-club.ch\/index.php?rest_route=\/wp\/v2\/types\/page"}],"author":[{"embeddable":true,"href":"https:\/\/www.barbara-club.ch\/index.php?rest_route=\/wp\/v2\/users\/1"}],"replies":[{"embeddable":true,"href":"https:\/\/www.barbara-club.ch\/index.php?rest_route=%2Fwp%2Fv2%2Fcomments&post=80"}],"version-history":[{"count":2,"href":"https:\/\/www.barbara-club.ch\/index.php?rest_route=\/wp\/v2\/pages\/80\/revisions"}],"predecessor-version":[{"id":2833,"href":"https:\/\/www.barbara-club.ch\/index.php?rest_route=\/wp\/v2\/pages\/80\/revisions\/2833"}],"wp:attachment":[{"href":"https:\/\/www.barbara-club.ch\/index.php?rest_route=%2Fwp%2Fv2%2Fmedia&parent=80"}],"curies":[{"name":"wp","href":"https:\/\/api.w.org\/{rel}","templated":true}]}}